{"id":1706,"date":"2023-03-01T16:16:49","date_gmt":"2023-03-01T16:16:49","guid":{"rendered":"https:\/\/7distribucions.com\/?post_type=product&#038;p=1706"},"modified":"2024-04-16T08:52:38","modified_gmt":"2024-04-16T08:52:38","slug":"t1","status":"publish","type":"product","link":"https:\/\/7distribucions.com\/ca\/producto\/t1\/","title":{"rendered":"T1"},"content":{"rendered":"<p>Ofrece resultados de limpieza superiores en peque\u00f1os espacios donde no pod\u00eda limpiar antes, con un dise\u00f1o compacto, acci\u00f3n de fregado poderosa, recuperaci\u00f3n de soluci\u00f3n excelente, y tanques Hygienic completamente limpiables.<\/p>\n<p><strong>Mejora enormemente la limpieza del suelo <\/strong><\/p>\n<p>Limpia en profundidad y sin esfuerzo espacios de suelos duros congestionados, como nunca lo hab\u00eda hecho antes, con un dise\u00f1o peque\u00f1o y poderoso.<\/p>\n<p><strong>Dise\u00f1o compacto, maniobrable <\/strong><\/p>\n<p>Limpia con seguridad y facilidad mientras se mueve hacia delante, hacia atr\u00e1s y girando en espacios estrechos, con un dise\u00f1o de cuatro ruedas altamente maniobrables y un control r\u00e1pidamente ajustable.<\/p>\n<p><strong>F\u00e1cil de usar y de mantener <\/strong><\/p>\n<p>F\u00e1cil de llenar, vaciar y limpiar, los tanques Hygenic ofrecen un dise\u00f1o compacto \u00fanico. Controles ergon\u00f3micos y mangos que aseguran un f\u00e1cil manejo.<\/p>\n<p><a href=\"https:\/\/7distribucions.com\/wp-content\/uploads\/2023\/03\/catalogo-t1-spanish.pdf\" target=\"_blank\" rel=\"noopener\"><strong>VER CAT\u00c1LOGO<\/strong><\/a><\/p>\n","protected":false},"excerpt":{"rendered":"<p>Ofrece resultados de limpieza superiores en peque\u00f1os espacios donde no pod\u00eda limpiar antes, con un dise\u00f1o compacto, acci\u00f3n de fregado poderosa, recuperaci\u00f3n de soluci\u00f3n excelente, y tanques Hygienic completamente limpiables&#8230;.<\/p>\n","protected":false},"featured_media":1707,"template":"","meta":[],"product_brand":[],"product_cat":[120,23,22],"product_tag":[],"class_list":{"0":"post-1706","1":"product","2":"type-product","3":"status-publish","4":"has-post-thumbnail","6":"product_cat-destacados","7":"product_cat-electriques","8":"product_cat-fregadores","10":"first","11":"instock","12":"taxable","13":"shipping-taxable","14":"purchasable","15":"product-type-simple"},"_links":{"self":[{"href":"https:\/\/7distribucions.com\/ca\/wp-json\/wp\/v2\/product\/1706","targetHints":{"allow":["GET"]}}],"collection":[{"href":"https:\/\/7distribucions.com\/ca\/wp-json\/wp\/v2\/product"}],"about":[{"href":"https:\/\/7distribucions.com\/ca\/wp-json\/wp\/v2\/types\/product"}],"wp:featuredmedia":[{"embeddable":true,"href":"https:\/\/7distribucions.com\/ca\/wp-json\/wp\/v2\/media\/1707"}],"wp:attachment":[{"href":"https:\/\/7distribucions.com\/ca\/wp-json\/wp\/v2\/media?parent=1706"}],"wp:term":[{"taxonomy":"product_brand","embeddable":true,"href":"https:\/\/7distribucions.com\/ca\/wp-json\/wp\/v2\/product_brand?post=1706"},{"taxonomy":"product_cat","embeddable":true,"href":"https:\/\/7distribucions.com\/ca\/wp-json\/wp\/v2\/product_cat?post=1706"},{"taxonomy":"product_tag","embeddable":true,"href":"https:\/\/7distribucions.com\/ca\/wp-json\/wp\/v2\/product_tag?post=1706"}],"curies":[{"name":"wp","href":"https:\/\/api.w.org\/{rel}","templated":true}]}}