{"id":1703,"date":"2023-03-01T16:11:06","date_gmt":"2023-03-01T16:11:06","guid":{"rendered":"https:\/\/7distribucions.com\/?post_type=product&#038;p=1703"},"modified":"2025-07-30T11:06:50","modified_gmt":"2025-07-30T11:06:50","slug":"f35","status":"publish","type":"product","link":"https:\/\/7distribucions.com\/ca\/producto\/f35\/","title":{"rendered":"F35"},"content":{"rendered":"<p>Con un dise\u00f1o renovado y moderno, el limpiador de suelos Floorwash F35 ha sido dise\u00f1ado para aprovechar al m\u00e1ximo toda la superficie de limpieza, garantizando resultados incre\u00edbles en una sola pasada, incluso en las situaciones m\u00e1s dif\u00edciles.<\/p>\n<p><a href=\"https:\/\/7distribucions.com\/wp-content\/uploads\/2023\/03\/f35-manual.pdf\" target=\"_blank\" rel=\"noopener\"><strong>VER CAT\u00c1LOGO<\/strong><\/a><\/p>\n","protected":false},"excerpt":{"rendered":"<p>Con un dise\u00f1o renovado y moderno, el limpiador de suelos Floorwash F35 ha sido dise\u00f1ado para aprovechar al m\u00e1ximo toda la superficie de limpieza, garantizando resultados incre\u00edbles en una sola&#8230;<\/p>\n","protected":false},"featured_media":1704,"template":"","meta":[],"product_brand":[],"product_cat":[23,22],"product_tag":[],"class_list":{"0":"post-1703","1":"product","2":"type-product","3":"status-publish","4":"has-post-thumbnail","6":"product_cat-electriques","7":"product_cat-fregadores","9":"first","10":"instock","11":"taxable","12":"shipping-taxable","13":"purchasable","14":"product-type-simple"},"_links":{"self":[{"href":"https:\/\/7distribucions.com\/ca\/wp-json\/wp\/v2\/product\/1703","targetHints":{"allow":["GET"]}}],"collection":[{"href":"https:\/\/7distribucions.com\/ca\/wp-json\/wp\/v2\/product"}],"about":[{"href":"https:\/\/7distribucions.com\/ca\/wp-json\/wp\/v2\/types\/product"}],"wp:featuredmedia":[{"embeddable":true,"href":"https:\/\/7distribucions.com\/ca\/wp-json\/wp\/v2\/media\/1704"}],"wp:attachment":[{"href":"https:\/\/7distribucions.com\/ca\/wp-json\/wp\/v2\/media?parent=1703"}],"wp:term":[{"taxonomy":"product_brand","embeddable":true,"href":"https:\/\/7distribucions.com\/ca\/wp-json\/wp\/v2\/product_brand?post=1703"},{"taxonomy":"product_cat","embeddable":true,"href":"https:\/\/7distribucions.com\/ca\/wp-json\/wp\/v2\/product_cat?post=1703"},{"taxonomy":"product_tag","embeddable":true,"href":"https:\/\/7distribucions.com\/ca\/wp-json\/wp\/v2\/product_tag?post=1703"}],"curies":[{"name":"wp","href":"https:\/\/api.w.org\/{rel}","templated":true}]}}