{"id":1690,"date":"2023-03-01T15:41:36","date_gmt":"2023-03-01T15:41:36","guid":{"rendered":"https:\/\/7distribucions.com\/?post_type=product&#038;p=1690"},"modified":"2026-01-22T10:51:41","modified_gmt":"2026-01-22T10:51:41","slug":"ct45","status":"publish","type":"product","link":"https:\/\/7distribucions.com\/ca\/producto\/ct45\/","title":{"rendered":"CT45"},"content":{"rendered":"<p>Disfrute de la fiabilidad del rendimiento de CT45, una fregadora comercial de peque\u00f1o tama\u00f1o y de conductor acompa\u00f1ante. CT45 es f\u00e1cil de maniobrar, limpiar y almacenar en espacios peque\u00f1os: gracias a su cabezal de fregado de 50 cm, su dise\u00f1o compacto y su mango plegable. Gane productividad gracias al dep\u00f3sito de gran capacidad de la fregadora. Los sencillos mandos de la CT45 facilitan su uso y mantenimiento.<\/p>\n<p><a href=\"https:\/\/7distribucions.com\/wp-content\/uploads\/2023\/03\/IPC-CT45-1.pdf\" target=\"_blank\" rel=\"noopener\"><strong>VER CAT\u00c1LOGO<\/strong><\/a><\/p>\n","protected":false},"excerpt":{"rendered":"<p>Disfrute de la fiabilidad del rendimiento de CT45, una fregadora comercial de peque\u00f1o tama\u00f1o y de conductor acompa\u00f1ante. CT45 es f\u00e1cil de maniobrar, limpiar y almacenar en espacios peque\u00f1os: gracias&#8230;<\/p>\n","protected":false},"featured_media":1691,"template":"","meta":[],"product_brand":[],"product_cat":[23,22],"product_tag":[],"class_list":{"0":"post-1690","1":"product","2":"type-product","3":"status-publish","4":"has-post-thumbnail","6":"product_cat-electriques","7":"product_cat-fregadores","9":"first","10":"instock","11":"taxable","12":"shipping-taxable","13":"purchasable","14":"product-type-simple"},"_links":{"self":[{"href":"https:\/\/7distribucions.com\/ca\/wp-json\/wp\/v2\/product\/1690","targetHints":{"allow":["GET"]}}],"collection":[{"href":"https:\/\/7distribucions.com\/ca\/wp-json\/wp\/v2\/product"}],"about":[{"href":"https:\/\/7distribucions.com\/ca\/wp-json\/wp\/v2\/types\/product"}],"wp:featuredmedia":[{"embeddable":true,"href":"https:\/\/7distribucions.com\/ca\/wp-json\/wp\/v2\/media\/1691"}],"wp:attachment":[{"href":"https:\/\/7distribucions.com\/ca\/wp-json\/wp\/v2\/media?parent=1690"}],"wp:term":[{"taxonomy":"product_brand","embeddable":true,"href":"https:\/\/7distribucions.com\/ca\/wp-json\/wp\/v2\/product_brand?post=1690"},{"taxonomy":"product_cat","embeddable":true,"href":"https:\/\/7distribucions.com\/ca\/wp-json\/wp\/v2\/product_cat?post=1690"},{"taxonomy":"product_tag","embeddable":true,"href":"https:\/\/7distribucions.com\/ca\/wp-json\/wp\/v2\/product_tag?post=1690"}],"curies":[{"name":"wp","href":"https:\/\/api.w.org\/{rel}","templated":true}]}}