{"id":1684,"date":"2023-03-01T15:21:58","date_gmt":"2023-03-01T15:21:58","guid":{"rendered":"https:\/\/7distribucions.com\/?post_type=product&#038;p=1684"},"modified":"2026-01-21T13:56:50","modified_gmt":"2026-01-21T13:56:50","slug":"ct15r","status":"publish","type":"product","link":"https:\/\/7distribucions.com\/ca\/producto\/ct15r\/","title":{"rendered":"CT15 B35 CB+B"},"content":{"rendered":"<p>La CT15 es una microfregadora compacta, fiable y f\u00e1cil de usar que permite limpiar de forma productiva en lugares de dif\u00edcil alcance. Sus mandos y dise\u00f1o sencillo y el mango ergon\u00f3mico est\u00e1n pensados para utilizarla sin complicaciones. La CT15 es ideal para limpiar \u00e1reas de dif\u00edcil acceso en hospitales, tiendas y oficinas.<\/p>\n<p><a href=\"https:\/\/7distribucions.com\/wp-content\/uploads\/2023\/03\/IPC-CT15-3.pdf\" target=\"_blank\" rel=\"noopener\"><strong>VER CAT\u00c1LOGO<\/strong><\/a><\/p>\n","protected":false},"excerpt":{"rendered":"<p>La CT15 es una microfregadora compacta, fiable y f\u00e1cil de usar que permite limpiar de forma productiva en lugares de dif\u00edcil alcance. Sus mandos y dise\u00f1o sencillo y el mango&#8230;<\/p>\n","protected":false},"featured_media":4809,"template":"","meta":[],"product_brand":[],"product_cat":[24,22],"product_tag":[],"class_list":{"0":"post-1684","1":"product","2":"type-product","3":"status-publish","4":"has-post-thumbnail","6":"product_cat-bateries-conductor-acompanyant","7":"product_cat-fregadores","9":"first","10":"instock","11":"taxable","12":"shipping-taxable","13":"purchasable","14":"product-type-simple"},"_links":{"self":[{"href":"https:\/\/7distribucions.com\/ca\/wp-json\/wp\/v2\/product\/1684","targetHints":{"allow":["GET"]}}],"collection":[{"href":"https:\/\/7distribucions.com\/ca\/wp-json\/wp\/v2\/product"}],"about":[{"href":"https:\/\/7distribucions.com\/ca\/wp-json\/wp\/v2\/types\/product"}],"wp:featuredmedia":[{"embeddable":true,"href":"https:\/\/7distribucions.com\/ca\/wp-json\/wp\/v2\/media\/4809"}],"wp:attachment":[{"href":"https:\/\/7distribucions.com\/ca\/wp-json\/wp\/v2\/media?parent=1684"}],"wp:term":[{"taxonomy":"product_brand","embeddable":true,"href":"https:\/\/7distribucions.com\/ca\/wp-json\/wp\/v2\/product_brand?post=1684"},{"taxonomy":"product_cat","embeddable":true,"href":"https:\/\/7distribucions.com\/ca\/wp-json\/wp\/v2\/product_cat?post=1684"},{"taxonomy":"product_tag","embeddable":true,"href":"https:\/\/7distribucions.com\/ca\/wp-json\/wp\/v2\/product_tag?post=1684"}],"curies":[{"name":"wp","href":"https:\/\/api.w.org\/{rel}","templated":true}]}}