{"id":1673,"date":"2023-02-28T23:48:59","date_gmt":"2023-02-28T23:48:59","guid":{"rendered":"https:\/\/7distribucions.com\/?post_type=product&#038;p=1673"},"modified":"2025-12-31T09:11:06","modified_gmt":"2025-12-31T09:11:06","slug":"robot-aspirador-18v-lxtdrc200z","status":"publish","type":"product","link":"https:\/\/7distribucions.com\/ca\/producto\/robot-aspirador-18v-lxtdrc200z\/","title":{"rendered":"Robot aspirador 18V LXTDRC200Z"},"content":{"rendered":"<ul>\n<li>Robot limpiador de 18V, trabaja con 2 bater\u00edas de 18V por separado, perfecto para uso industrial \/ comercial.<\/li>\n<li>2 modos de limpieza autom\u00e1tica, modo aleatorio y modo patr\u00f3n, seleccionables dependiendo el lugar a limpiar.<\/li>\n<li>Limpieza autom\u00e1tica gracias a su gran n\u00famero de sensores.<\/li>\n<li>Temporizador para seleccionar cuando queremos que realice la limpieza, ideal en almacenes, oficinas&#8230;<\/li>\n<li>Caj\u00f3n de aspiraci\u00f3n de 2,5L de capacidad.<\/li>\n<li>Motor sin escobillas, la energ\u00eda producida es m\u00e1s eficiente lo que permite una mayor duraci\u00f3n de las bater\u00edas.<\/li>\n<li>Largo tiempo de trabajo, 120 minutos de trabajo continuo con dos bater\u00edas de 3,0Ah BL1830 (puede limpiar un \u00e1rea de 300m\u00b2).<\/li>\n<li>2 cepillos frontales, permiten la limpieza ajust\u00e1ndose a la pared, esquinas u objetos que encuentre en el camino.<\/li>\n<li>Con 2 bater\u00edas de 5,0Ah BL1850 puede llegar a limpiar hasta una superficie de 500m\u00b2.<\/li>\n<li>Indicadores de carga para saber en todo momento su estado.<\/li>\n<li>Mando a distancia que permite el control del aspirador hasta un m\u00e1ximo de 20m de distancia.<\/li>\n<li>Detecta los obst\u00e1culos gracias a los sensores de ultrasonido.<\/li>\n<\/ul>\n<p><a href=\"https:\/\/7distribucions.com\/wp-content\/uploads\/2023\/02\/drc200z_3.pdf\" target=\"_blank\" rel=\"noopener\"><strong>VER CAT\u00c1LOGO<\/strong><\/a><\/p>\n","protected":false},"excerpt":{"rendered":"<p>Robot limpiador de 18V, trabaja con 2 bater\u00edas de 18V por separado, perfecto para uso industrial \/ comercial. 2 modos de limpieza autom\u00e1tica, modo aleatorio y modo patr\u00f3n, seleccionables dependiendo&#8230;<\/p>\n","protected":false},"featured_media":1674,"template":"","meta":[],"product_brand":[],"product_cat":[21,19],"product_tag":[],"class_list":{"0":"post-1673","1":"product","2":"type-product","3":"status-publish","4":"has-post-thumbnail","6":"product_cat-aspiradors-autonoms","7":"product_cat-maquines-autonomes-de-neteja","9":"first","10":"outofstock","11":"taxable","12":"shipping-taxable","13":"purchasable","14":"product-type-simple"},"_links":{"self":[{"href":"https:\/\/7distribucions.com\/ca\/wp-json\/wp\/v2\/product\/1673","targetHints":{"allow":["GET"]}}],"collection":[{"href":"https:\/\/7distribucions.com\/ca\/wp-json\/wp\/v2\/product"}],"about":[{"href":"https:\/\/7distribucions.com\/ca\/wp-json\/wp\/v2\/types\/product"}],"wp:featuredmedia":[{"embeddable":true,"href":"https:\/\/7distribucions.com\/ca\/wp-json\/wp\/v2\/media\/1674"}],"wp:attachment":[{"href":"https:\/\/7distribucions.com\/ca\/wp-json\/wp\/v2\/media?parent=1673"}],"wp:term":[{"taxonomy":"product_brand","embeddable":true,"href":"https:\/\/7distribucions.com\/ca\/wp-json\/wp\/v2\/product_brand?post=1673"},{"taxonomy":"product_cat","embeddable":true,"href":"https:\/\/7distribucions.com\/ca\/wp-json\/wp\/v2\/product_cat?post=1673"},{"taxonomy":"product_tag","embeddable":true,"href":"https:\/\/7distribucions.com\/ca\/wp-json\/wp\/v2\/product_tag?post=1673"}],"curies":[{"name":"wp","href":"https:\/\/api.w.org\/{rel}","templated":true}]}}