{"id":1663,"date":"2023-02-28T18:51:05","date_gmt":"2023-02-28T18:51:05","guid":{"rendered":"https:\/\/7distribucions.com\/?post_type=product&#038;p=1663"},"modified":"2024-09-18T21:47:54","modified_gmt":"2024-09-18T21:47:54","slug":"t16amr-fregadora-de-suelos-robotica-industrial","status":"publish","type":"product","link":"https:\/\/7distribucions.com\/ca\/producto\/t16amr-fregadora-de-suelos-robotica-industrial\/","title":{"rendered":"T16 AMR Fregadora de suelos rob\u00f3tica industrial"},"content":{"rendered":"<p>Aborde los desaf\u00edos laborales comunes, reduzca la necesidad de barrido previo, impulse la eficiencia y mantenga un alto nivel de limpieza con la T16AMR, una soluci\u00f3n rob\u00f3tica industrial dise\u00f1ada para trabajar de manera segura y eficiente junto con los empleados. La T16AMR funciona con BrainOS\u00ae, una plataforma avanzada de tecnolog\u00eda rob\u00f3tica e inteligencia artificial. Reduzca la cantidad de detergente y agua necesaria con la tecnolog\u00eda ec-H2O NanoClean\u00ae y elija entre dos opciones de fuente de alimentaci\u00f3n: bater\u00edas de litio de alta capacidad o bater\u00edas de plomo.<\/p>\n<p>Ense\u00f1ar y repetir la operaci\u00f3n permite que la T16AMR limpie rutas espec\u00edficas de su instalaci\u00f3n mientras los empleados se concentran en otras tareas de alto valor. Limpie de forma eficaz grandes instalaciones con la primera fregadora de suelos industrial aut\u00f3noma con un sistema LIDAR inferior de alta potencia. Reduzca la necesidad de barrer previamente y ayude a evitar las rayas con un cabezal de fregado cil\u00edndrico.<\/p>\n<p>BrainOS\u00ae es una marca registrada de Brain Corporation.<\/p>\n<p><a href=\"https:\/\/7distribucions.com\/wp-content\/uploads\/2023\/02\/t16amr-brochure-es-es.pdf\" target=\"_blank\" rel=\"noopener\"><strong>VER CAT\u00c1LOGO<\/strong><\/a><\/p>\n<p>&nbsp;<\/p>\n","protected":false},"excerpt":{"rendered":"<p>PRECIO A CONSULTAR<\/p>\n","protected":false},"featured_media":1667,"template":"","meta":[],"product_brand":[],"product_cat":[20,19],"product_tag":[],"class_list":{"0":"post-1663","1":"product","2":"type-product","3":"status-publish","4":"has-post-thumbnail","6":"product_cat-fregadora-conductor-assegut-autonoma","7":"product_cat-maquines-autonomes-de-neteja","9":"first","10":"instock","11":"taxable","12":"shipping-taxable","13":"product-type-simple"},"_links":{"self":[{"href":"https:\/\/7distribucions.com\/ca\/wp-json\/wp\/v2\/product\/1663","targetHints":{"allow":["GET"]}}],"collection":[{"href":"https:\/\/7distribucions.com\/ca\/wp-json\/wp\/v2\/product"}],"about":[{"href":"https:\/\/7distribucions.com\/ca\/wp-json\/wp\/v2\/types\/product"}],"wp:featuredmedia":[{"embeddable":true,"href":"https:\/\/7distribucions.com\/ca\/wp-json\/wp\/v2\/media\/1667"}],"wp:attachment":[{"href":"https:\/\/7distribucions.com\/ca\/wp-json\/wp\/v2\/media?parent=1663"}],"wp:term":[{"taxonomy":"product_brand","embeddable":true,"href":"https:\/\/7distribucions.com\/ca\/wp-json\/wp\/v2\/product_brand?post=1663"},{"taxonomy":"product_cat","embeddable":true,"href":"https:\/\/7distribucions.com\/ca\/wp-json\/wp\/v2\/product_cat?post=1663"},{"taxonomy":"product_tag","embeddable":true,"href":"https:\/\/7distribucions.com\/ca\/wp-json\/wp\/v2\/product_tag?post=1663"}],"curies":[{"name":"wp","href":"https:\/\/api.w.org\/{rel}","templated":true}]}}